{"id":3499,"date":"2024-06-24T10:34:20","date_gmt":"2024-06-24T08:34:20","guid":{"rendered":"https:\/\/www.ars-pictura.com\/?page_id=3499"},"modified":"2025-07-13T15:37:44","modified_gmt":"2025-07-13T13:37:44","slug":"projet-regard-sur-le-perigord","status":"publish","type":"page","link":"https:\/\/www.ars-pictura.com\/index.php\/projet-regard-sur-le-perigord\/","title":{"rendered":"\u00ab\u00a0Regard sur le P\u00e9rigord\u00a0\u00bb"},"content":{"rendered":"\t\t<div data-elementor-type=\"wp-page\" data-elementor-id=\"3499\" class=\"elementor elementor-3499\" data-elementor-settings=\"[]\">\n\t\t\t\t\t\t<div class=\"elementor-inner\">\n\t\t\t\t\t\t\t<div class=\"elementor-section-wrap\">\n\t\t\t\t\t\t\t<section class=\"elementor-section elementor-top-section elementor-element elementor-element-3f86d2b7 elementor-section-boxed elementor-section-height-default elementor-section-height-default parallax_section_no qode_elementor_container_no\" data-id=\"3f86d2b7\" data-element_type=\"section\">\n\t\t\t\t\t\t<div class=\"elementor-container elementor-column-gap-default\">\n\t\t\t\t\t\t\t<div class=\"elementor-row\">\n\t\t\t\t\t<div class=\"elementor-column elementor-col-100 elementor-top-column elementor-element elementor-element-4e60e09\" data-id=\"4e60e09\" data-element_type=\"column\">\n\t\t\t<div class=\"elementor-column-wrap elementor-element-populated\">\n\t\t\t\t\t\t\t<div class=\"elementor-widget-wrap\">\n\t\t\t\t\t\t<div class=\"elementor-element elementor-element-584df640 elementor-widget elementor-widget-text-editor\" data-id=\"584df640\" data-element_type=\"widget\" data-widget_type=\"text-editor.default\">\n\t\t\t\t<div class=\"elementor-widget-container\">\n\t\t\t\t\t<div class=\"elementor-text-editor elementor-clearfix\"><p>[vc_row css_animation=\u00a0\u00bb\u00a0\u00bb row_type=\u00a0\u00bbrow\u00a0\u00bb use_row_as_full_screen_section=\u00a0\u00bbyes\u00a0\u00bb type=\u00a0\u00bbfull_width\u00a0\u00bb angled_section=\u00a0\u00bbno\u00a0\u00bb text_align=\u00a0\u00bbleft\u00a0\u00bb background_image_as_pattern=\u00a0\u00bbwithout_pattern\u00a0\u00bb z_index=\u00a0\u00bb\u00a0\u00bb css=\u00a0\u00bb.vc_custom_1594113388977{background-image: url(https:\/\/www.ars-pictura.com\/wp-content\/uploads\/2024\/06\/regard-banniere-1.jpg) !important;background-position: center !important;background-repeat: no-repeat !important;background-size: cover !important;}\u00a0\u00bb][vc_column offset=\u00a0\u00bbvc_hidden-sm vc_hidden-xs\u00a0\u00bb][vc_empty_space height=\u00a0\u00bb100&Prime;][vc_row_inner row_type=\u00a0\u00bbrow\u00a0\u00bb type=\u00a0\u00bbfull_width\u00a0\u00bb text_align=\u00a0\u00bbleft\u00a0\u00bb css_animation=\u00a0\u00bb\u00a0\u00bb][vc_column_inner width=\u00a0\u00bb1\/5&Prime;][\/vc_column_inner][vc_column_inner width=\u00a0\u00bb1\/5&Prime; offset=\u00a0\u00bbvc_hidden-sm vc_hidden-xs\u00a0\u00bb][vc_column_text]<\/p><h4 style=\"text-align: left;\"><span style=\"color: #ffffff; font-size: 24pt;\">Les Artistes<\/span><\/h4><p>[\/vc_column_text][\/vc_column_inner][vc_column_inner width=\u00a0\u00bb1\/5&Prime;][\/vc_column_inner][vc_column_inner width=\u00a0\u00bb1\/5&Prime;][\/vc_column_inner][vc_column_inner width=\u00a0\u00bb1\/5&Prime;][\/vc_column_inner][\/vc_row_inner][vc_empty_space height=\u00a0\u00bb100&Prime;][\/vc_column][\/vc_row][vc_row css_animation=\u00a0\u00bb\u00a0\u00bb row_type=\u00a0\u00bbrow\u00a0\u00bb use_row_as_full_screen_section=\u00a0\u00bbno\u00a0\u00bb type=\u00a0\u00bbfull_width\u00a0\u00bb angled_section=\u00a0\u00bbno\u00a0\u00bb text_align=\u00a0\u00bbleft\u00a0\u00bb background_image_as_pattern=\u00a0\u00bbwithout_pattern\u00a0\u00bb][vc_column][vc_empty_space height=\u00a0\u00bb70px\u00a0\u00bb][\/vc_column][\/vc_row][vc_row css_animation=\u00a0\u00bb\u00a0\u00bb row_type=\u00a0\u00bbrow\u00a0\u00bb use_row_as_full_screen_section=\u00a0\u00bbno\u00a0\u00bb type=\u00a0\u00bbgrid\u00a0\u00bb angled_section=\u00a0\u00bbno\u00a0\u00bb text_align=\u00a0\u00bbleft\u00a0\u00bb background_image_as_pattern=\u00a0\u00bbwithout_pattern\u00a0\u00bb z_index=\u00a0\u00bb\u00a0\u00bb css=\u00a0\u00bb.vc_custom_1588583234273{background-position: 0 0 !important;background-repeat: repeat !important;}\u00a0\u00bb][vc_column][vc_column_text]<\/p><p style=\"text-align: center;\"><span style=\"font-size: 24pt;\"><span style=\"color: #d56284;\">EXPOSITION<\/span><\/span><\/p><p>\u00a0<\/p><p style=\"text-align: center;\"><span style=\"font-size: 24pt;\"><strong><span style=\"color: #d56284;\">\u00ab\u00a0REGARD \u00a0SUR \u00a0LE \u00a0P\u00c9RIGORD\u00a0\u00bb<\/span><\/strong><\/span><\/p><p>\u00a0<\/p><p style=\"text-align: center;\"><span style=\"font-size: 24pt;\"><span style=\"color: #d56284;\">par<\/span><\/span><\/p><p>\u00a0<\/p><p style=\"text-align: center;\"><span style=\"font-size: 24pt;\"><strong><span style=\"color: #d56284;\">HANS SEILER<\/span><\/strong><\/span><\/p><p>\u00a0<\/p><p style=\"text-align: center;\"><span style=\"font-size: 24pt;\"><span style=\"color: #d56284;\">(1807-1986)<\/span><\/span><\/p><h1>\u00a0<\/h1><h6 style=\"text-align: center;\"><em><span style=\"font-size: 18pt;\">du 25 juillet au 22 ao\u00fbt 2024<\/span><\/em><\/h6><h6 style=\"text-align: center;\"><em><span style=\"font-size: 18pt;\">du lundi au samedi &#8211; 14h \u00e0 19h<\/span><\/em><\/h6><h6 style=\"text-align: center;\"><em><span style=\"font-size: 18pt;\">au Jardin de Malrigou &#8211; 24140 Saint Jean d&rsquo;Estissac<\/span><\/em><\/h6><h6 style=\"text-align: center;\"><em><span style=\"font-size: 18pt;\">Entr\u00e9e libre &#8211; Renseignements 06 77 36 95 10 &#8211; contact@ars-pictura.com<\/span><\/em><\/h6><h6>\u00a0<\/h6><h6 style=\"text-align: center;\"><em><span style=\"font-size: 18pt;\">La Gen\u00e8se du projet<\/span><\/em><\/h6><h6>\u00a0<\/h6><h6 style=\"text-align: center;\"><span style=\"font-size: 14pt;\">Depuis plusieurs d\u00e9cennies, le P\u00e9rigord semble appauvrit dans sa mati\u00e8re artistique. Plusieurs galeries et peintres r\u00e9alisent un travail remarquable, mais leurs sujets restent trop souvent ext\u00e9rieurs \u00e0 notre terre et \u00e0 son caract\u00e8re. Pourquoi ?<\/span><\/h6><h6>\u00a0<\/h6><h6 style=\"text-align: center;\"><span style=\"font-size: 14pt;\">Pourquoi mettre de c\u00f4t\u00e9 ces paysages, cette culture, ces architectures si naturelles qui font r\u00eaver le monde entier\u00a0? Pourquoi depuis Maurice Albe et Jean Cluseau-Lanauve (disparus dans les ann\u00e9es 1990) ne voyons-nous plus accroch\u00e9es aux cimaises des \u0153uvres qui rendent \u00e0 la Dordogne ses lettres de noblesse\u00a0? Sommes-nous aujourd\u2019hui consid\u00e9r\u00e9s comme une r\u00e9serve de peintures rupestres, de cano\u00ebs et de foie gras truff\u00e9\u00a0? Je le crains\u2026<\/span><\/h6><h6>\u00a0<\/h6><h6 style=\"text-align: center;\"><span style=\"font-size: 14pt;\">La terre d\u2019Art et d\u2019Histoire d\u2019Eug\u00e8ne Le Roy et de Lucien de Maleville est devenue cette coquille vide de sens o\u00f9 le camping-cariste est roi. L\u2019\u00e9cran a remplac\u00e9 le livre, l\u2019\u00e9cran a remplac\u00e9 l\u2019art, l\u2019\u00e9cran a remplac\u00e9 le paysage&#8230;<\/span><\/h6><h6>\u00a0<\/h6><h6 style=\"text-align: center;\"><span style=\"font-size: 14pt;\">Avec ce constat qui est rest\u00e9 bien plac\u00e9 sur mon bureau, j\u2019ai peu \u00e0 peu essay\u00e9 d\u2019inverser cette tendance. Tout d\u2019abord mieux exposer ce que nos a\u00efeux ont r\u00e9alis\u00e9 en P\u00e9rigord gr\u00e2ce \u00e0 plusieurs ann\u00e9es d\u2019acquisitions de centaines d\u2019\u0153uvres. Les rassembler fait prendre conscience de l\u2019immense richesse picturale que le d\u00e9partement poss\u00e8de, que ce corpus artistique se doit d\u2019\u00eatre un outil p\u00e9dagogique et touristique.<\/span><\/h6><h6>\u00a0<\/h6><h6 style=\"text-align: center;\"><span style=\"font-size: 14pt;\">Faire parler le pass\u00e9 est une chose, mais lui offrir une continuit\u00e9 en est une autre\u2026 Pourquoi ne pas proposer \u00e0 des artistes contemporains ayant d\u00e9j\u00e0 une renomm\u00e9e ou tout du moins un talent certain, de venir travailler en P\u00e9rigord, pour le P\u00e9rigord\u00a0?<\/span><\/h6><h6>\u00a0<\/h6><h6 style=\"text-align: center;\"><span style=\"font-size: 14pt;\">Ce projet s\u00e9duit. Il s\u00e9duit les artistes mais aussi les collectionneurs, les institutions et les entreprises, tous heureux de voir un renouveau dans ce sujet que beaucoup avaient totalement oubli\u00e9.<\/span><\/h6><p>\u00a0<\/p><h6 style=\"text-align: center;\"><span style=\"font-size: 14pt;\">Tout ceci a vu le jour en 2024 avec la premi\u00e8re exposition d\u00e9di\u00e9e au travail d\u2019Aude Aza\u00efs. Cette ann\u00e9e, c\u2019est gr\u00e2ce \u00e0 la collaboration de Katy Drieux, fille d\u2019Hans Seiler, que cette exposition prend tout son sens. L\u2019ann\u00e9e prochaine, le peintre des arm\u00e9es Eric Bari nous montrera \u00e0 son tour sa vision coloriste.<\/span><\/h6><h6 style=\"text-align: center;\">\u00a0<\/h6><h6 style=\"text-align: center;\"><span style=\"font-size: 14pt;\">Florent Piednoir<span class=\"Apple-converted-space\">\u00a0 \u00a0<\/span><\/span><\/h6><p>[\/vc_column_text][\/vc_column][\/vc_row][vc_row css_animation=\u00a0\u00bb\u00a0\u00bb row_type=\u00a0\u00bbrow\u00a0\u00bb use_row_as_full_screen_section=\u00a0\u00bbno\u00a0\u00bb type=\u00a0\u00bbfull_width\u00a0\u00bb angled_section=\u00a0\u00bbno\u00a0\u00bb text_align=\u00a0\u00bbleft\u00a0\u00bb background_image_as_pattern=\u00a0\u00bbwithout_pattern\u00a0\u00bb][vc_column][vc_empty_space height=\u00a0\u00bb60px\u00a0\u00bb][\/vc_column][\/vc_row][vc_row css_animation=\u00a0\u00bb\u00a0\u00bb row_type=\u00a0\u00bbrow\u00a0\u00bb use_row_as_full_screen_section=\u00a0\u00bbno\u00a0\u00bb type=\u00a0\u00bbgrid\u00a0\u00bb angled_section=\u00a0\u00bbno\u00a0\u00bb text_align=\u00a0\u00bbleft\u00a0\u00bb background_image_as_pattern=\u00a0\u00bbwithout_pattern\u00a0\u00bb z_index=\u00a0\u00bb\u00a0\u00bb css=\u00a0\u00bb.vc_custom_1588080380212{background-position: 0 0 !important;background-repeat: repeat !important;}\u00a0\u00bb][vc_column]<div class='projects_holder_outer v3 portfolio_with_space portfolio_standard'>\n        <div class='projects_holder portfolio_main_holder clearfix v3 standard portfolio_square_image '>\n        \n        <article class='mix portfolio_category_10 portfolio_category_160 large_width' style=''>\n    \n    \n    \n                <div class='image_holder'>\n                <a itemprop='url' class='portfolio_link_for_touch' href='https:\/\/www.ars-pictura.com\/index.php\/portfolio_page\/aude-azais\/' target=''>\n                    \n<span class='image'><img width=\"500\" height=\"500\" src=\"https:\/\/www.ars-pictura.com\/wp-content\/uploads\/2024\/06\/aude-azais-marqueyssac-c.jpg\" class=\"attachment-portfolio-square size-portfolio-square wp-post-image\" alt=\"\" loading=\"lazy\" srcset=\"https:\/\/www.ars-pictura.com\/wp-content\/uploads\/2024\/06\/aude-azais-marqueyssac-c.jpg 500w, https:\/\/www.ars-pictura.com\/wp-content\/uploads\/2024\/06\/aude-azais-marqueyssac-c-300x300.jpg 300w, https:\/\/www.ars-pictura.com\/wp-content\/uploads\/2024\/06\/aude-azais-marqueyssac-c-150x150.jpg 150w\" sizes=\"(max-width: 500px) 100vw, 500px\" \/><\/span>                <\/a>\n\n                <span class='text_holder'>\n    <span class='text_outer'>\n        <span class='text_inner'>\n            <span class='feature_holder'>\n                        <\/span>\n        <\/span>\n    <\/span>\n<\/span>            <\/div>\n                <div class='portfolio_description text_align_center' >\n\n        \n    <h5 itemprop=\"name\" class=\"portfolio_title entry_title\"><a itemprop=\"url\" href=\"https:\/\/www.ars-pictura.com\/index.php\/portfolio_page\/aude-azais\/\"  target=\"_self\"> Aude AZA\u00cfS<\/a><\/h5>\n\n\n        \n        \n    <\/div>\n        \n<\/article>\n        <div class='filler'><\/div>\n            <div class='filler'><\/div>\n            <div class='filler'><\/div>\n        <\/div>\n\n    \n    <\/div>[\/vc_column][\/vc_row][vc_row css_animation=\u00a0\u00bb\u00a0\u00bb row_type=\u00a0\u00bbrow\u00a0\u00bb use_row_as_full_screen_section=\u00a0\u00bbno\u00a0\u00bb type=\u00a0\u00bbfull_width\u00a0\u00bb angled_section=\u00a0\u00bbno\u00a0\u00bb text_align=\u00a0\u00bbleft\u00a0\u00bb background_image_as_pattern=\u00a0\u00bbwithout_pattern\u00a0\u00bb][vc_column][vc_empty_space height=\u00a0\u00bb70px\u00a0\u00bb][\/vc_column][\/vc_row]<\/p><\/div>\n\t\t\t\t<\/div>\n\t\t\t\t<\/div>\n\t\t\t\t\t\t<\/div>\n\t\t\t\t\t<\/div>\n\t\t<\/div>\n\t\t\t\t\t\t\t\t<\/div>\n\t\t\t\t\t<\/div>\n\t\t<\/section>\n\t\t\t\t\t\t<\/div>\n\t\t\t\t\t\t<\/div>\n\t\t\t\t\t<\/div>\n\t\t","protected":false},"excerpt":{"rendered":"<p>[vc_row css_animation=\u00a0\u00bb\u00a0\u00bb row_type=\u00a0\u00bbrow\u00a0\u00bb use_row_as_full_screen_section=\u00a0\u00bbyes\u00a0\u00bb type=\u00a0\u00bbfull_width\u00a0\u00bb angled_section=\u00a0\u00bbno\u00a0\u00bb text_align=\u00a0\u00bbleft\u00a0\u00bb background_image_as_pattern=\u00a0\u00bbwithout_pattern\u00a0\u00bb z_index=\u00a0\u00bb\u00a0\u00bb css=\u00a0\u00bb.vc_custom_1594113388977{background-image: url(https:\/\/www.ars-pictura.com\/wp-content\/uploads\/2024\/06\/regard-banniere-1.jpg) !important;background-position: center !important;background-repeat: no-repeat !important;background-size: cover !important;}\u00a0\u00bb][vc_column offset=\u00a0\u00bbvc_hidden-sm vc_hidden-xs\u00a0\u00bb][vc_empty_space height=\u00a0\u00bb100&Prime;][vc_row_inner row_type=\u00a0\u00bbrow\u00a0\u00bb type=\u00a0\u00bbfull_width\u00a0\u00bb text_align=\u00a0\u00bbleft\u00a0\u00bb css_animation=\u00a0\u00bb\u00a0\u00bb][vc_column_inner width=\u00a0\u00bb1\/5&Prime;][\/vc_column_inner][vc_column_inner width=\u00a0\u00bb1\/5&Prime; offset=\u00a0\u00bbvc_hidden-sm vc_hidden-xs\u00a0\u00bb][vc_column_text] Les Artistes [\/vc_column_text][\/vc_column_inner][vc_column_inner width=\u00a0\u00bb1\/5&Prime;][\/vc_column_inner][vc_column_inner width=\u00a0\u00bb1\/5&Prime;][\/vc_column_inner][vc_column_inner width=\u00a0\u00bb1\/5&Prime;][\/vc_column_inner][\/vc_row_inner][vc_empty_space height=\u00a0\u00bb100&Prime;][\/vc_column][\/vc_row][vc_row css_animation=\u00a0\u00bb\u00a0\u00bb row_type=\u00a0\u00bbrow\u00a0\u00bb use_row_as_full_screen_section=\u00a0\u00bbno\u00a0\u00bb type=\u00a0\u00bbfull_width\u00a0\u00bb angled_section=\u00a0\u00bbno\u00a0\u00bb text_align=\u00a0\u00bbleft\u00a0\u00bb background_image_as_pattern=\u00a0\u00bbwithout_pattern\u00a0\u00bb][vc_column][vc_empty_space height=\u00a0\u00bb70px\u00a0\u00bb][\/vc_column][\/vc_row][vc_row css_animation=\u00a0\u00bb\u00a0\u00bb&#8230;<\/p>\n","protected":false},"author":1,"featured_media":0,"parent":0,"menu_order":0,"comment_status":"closed","ping_status":"closed","template":"","meta":{"spay_email":""},"_links":{"self":[{"href":"https:\/\/www.ars-pictura.com\/index.php\/wp-json\/wp\/v2\/pages\/3499"}],"collection":[{"href":"https:\/\/www.ars-pictura.com\/index.php\/wp-json\/wp\/v2\/pages"}],"about":[{"href":"https:\/\/www.ars-pictura.com\/index.php\/wp-json\/wp\/v2\/types\/page"}],"author":[{"embeddable":true,"href":"https:\/\/www.ars-pictura.com\/index.php\/wp-json\/wp\/v2\/users\/1"}],"replies":[{"embeddable":true,"href":"https:\/\/www.ars-pictura.com\/index.php\/wp-json\/wp\/v2\/comments?post=3499"}],"version-history":[{"count":73,"href":"https:\/\/www.ars-pictura.com\/index.php\/wp-json\/wp\/v2\/pages\/3499\/revisions"}],"predecessor-version":[{"id":3762,"href":"https:\/\/www.ars-pictura.com\/index.php\/wp-json\/wp\/v2\/pages\/3499\/revisions\/3762"}],"wp:attachment":[{"href":"https:\/\/www.ars-pictura.com\/index.php\/wp-json\/wp\/v2\/media?parent=3499"}],"curies":[{"name":"wp","href":"https:\/\/api.w.org\/{rel}","templated":true}]}}